{"id":1420,"date":"2022-05-13T14:32:10","date_gmt":"2022-05-13T12:32:10","guid":{"rendered":"https:\/\/projectvoice.eu\/?page_id=1420"},"modified":"2022-07-15T16:04:15","modified_gmt":"2022-07-15T14:04:15","slug":"benessere-digitale","status":"publish","type":"page","link":"https:\/\/projectvoice.eu\/it\/temi\/benessere-digitale\/","title":{"rendered":"Benessere digitale"},"content":{"rendered":"\t\t<div data-elementor-type=\"wp-page\" data-elementor-id=\"1420\" data-post-id=\"1420\" data-obj-id=\"1420\" class=\"elementor elementor-1420 dce-elementor-post-1420\">\n\t\t\t\t\t\t<div class=\"elementor-inner\">\n\t\t\t\t<div class=\"elementor-section-wrap\">\n\t\t\t\t\t\t\t\t\t<section class=\"elementor-section elementor-top-section elementor-element elementor-element-19a73d5 elementor-section-full_width elementor-section-height-default elementor-section-height-default\" data-id=\"19a73d5\" data-element_type=\"section\">\n\t\t\t\t\t\t<div class=\"elementor-container elementor-column-gap-no\">\n\t\t\t\t\t\t\t<div class=\"elementor-row\">\n\t\t\t\t\t<div class=\"elementor-column elementor-col-100 elementor-top-column elementor-element elementor-element-523d19b\" data-id=\"523d19b\" data-element_type=\"column\">\n\t\t\t<div class=\"elementor-column-wrap elementor-element-populated\">\n\t\t\t\t\t\t\t<div class=\"elementor-widget-wrap\">\n\t\t\t\t\t\t<div class=\"elementor-element elementor-element-61f1c05 elementor-widget elementor-widget-template\" data-id=\"61f1c05\" data-element_type=\"widget\" data-widget_type=\"template.default\">\n\t\t\t\t<div class=\"elementor-widget-container\">\n\t\t\t\t\t<div class=\"elementor-template\">\n\t\t\t\t\t<div data-elementor-type=\"section\" data-elementor-id=\"541\" data-post-id=\"1420\" data-obj-id=\"1420\" class=\"elementor elementor-541 dce-elementor-post-1420\">\n\t\t\t\t\t<div class=\"elementor-section-wrap\">\n\t\t\t\t\t\t\t\t<section class=\"elementor-section elementor-top-section elementor-element elementor-element-2099f56 elementor-section-height-min-height elementor-section-content-bottom elementor-section-full_width elementor-section-height-default elementor-section-items-middle\" data-id=\"2099f56\" data-element_type=\"section\" data-settings=\"{&quot;background_background&quot;:&quot;classic&quot;}\">\n\t\t\t\t\t\t<div class=\"elementor-container elementor-column-gap-no\">\n\t\t\t\t\t\t\t<div class=\"elementor-row\">\n\t\t\t\t\t<div class=\"elementor-column elementor-col-100 elementor-top-column elementor-element elementor-element-bea5aac\" data-id=\"bea5aac\" data-element_type=\"column\">\n\t\t\t<div class=\"elementor-column-wrap elementor-element-populated\">\n\t\t\t\t\t\t\t<div class=\"elementor-widget-wrap\">\n\t\t\t\t\t\t<section class=\"elementor-section elementor-inner-section elementor-element elementor-element-9da15c0 elementor-section-boxed elementor-section-height-default elementor-section-height-default\" data-id=\"9da15c0\" data-element_type=\"section\">\n\t\t\t\t\t\t<div class=\"elementor-container elementor-column-gap-default\">\n\t\t\t\t\t\t\t<div class=\"elementor-row\">\n\t\t\t\t\t<div class=\"elementor-column elementor-col-100 elementor-inner-column elementor-element elementor-element-6897b69\" data-id=\"6897b69\" data-element_type=\"column\">\n\t\t\t<div class=\"elementor-column-wrap elementor-element-populated\">\n\t\t\t\t\t\t\t<div class=\"elementor-widget-wrap\">\n\t\t\t\t\t\t<div class=\"elementor-element elementor-element-0e19fff elementor-widget elementor-widget-heading\" data-id=\"0e19fff\" data-element_type=\"widget\" data-widget_type=\"heading.default\">\n\t\t\t\t<div class=\"elementor-widget-container\">\n\t\t\t<h2 class=\"elementor-heading-title elementor-size-default\"><a href=\"https:\/\/projectvoice.eu\/topics\/\">< back to topics<\/a><\/h2>\t\t<\/div>\n\t\t\t\t<\/div>\n\t\t\t\t<div class=\"elementor-element elementor-element-251f522 elementor-widget elementor-widget-heading\" data-id=\"251f522\" data-element_type=\"widget\" data-widget_type=\"heading.default\">\n\t\t\t\t<div class=\"elementor-widget-container\">\n\t\t\t<h2 class=\"elementor-heading-title elementor-size-default\">Benessere digitale<\/h2>\t\t<\/div>\n\t\t\t\t<\/div>\n\t\t\t\t\t\t<\/div>\n\t\t\t\t\t<\/div>\n\t\t<\/div>\n\t\t\t\t\t\t\t\t<\/div>\n\t\t\t\t\t<\/div>\n\t\t<\/section>\n\t\t\t\t\t\t<\/div>\n\t\t\t\t\t<\/div>\n\t\t<\/div>\n\t\t\t\t\t\t\t\t<\/div>\n\t\t\t\t\t<\/div>\n\t\t<\/section>\n\t\t\t\t\t\t\t<\/div>\n\t\t\t\t<\/div>\n\t\t\t\t<\/div>\n\t\t\t\t<\/div>\n\t\t\t\t<\/div>\n\t\t\t\t\t\t<\/div>\n\t\t\t\t\t<\/div>\n\t\t<\/div>\n\t\t\t\t\t\t\t\t<\/div>\n\t\t\t\t\t<\/div>\n\t\t<\/section>\n\t\t\t\t<section class=\"elementor-section elementor-top-section elementor-element elementor-element-fdc24d6 elementor-section-boxed elementor-section-height-default elementor-section-height-default\" data-id=\"fdc24d6\" data-element_type=\"section\">\n\t\t\t\t\t\t<div class=\"elementor-container elementor-column-gap-default\">\n\t\t\t\t\t\t\t<div class=\"elementor-row\">\n\t\t\t\t\t<div class=\"elementor-column elementor-col-100 elementor-top-column elementor-element elementor-element-5108398\" data-id=\"5108398\" data-element_type=\"column\">\n\t\t\t<div class=\"elementor-column-wrap elementor-element-populated\">\n\t\t\t\t\t\t\t<div class=\"elementor-widget-wrap\">\n\t\t\t\t\t\t<section class=\"elementor-section elementor-inner-section elementor-element elementor-element-adb4420 elementor-section-boxed elementor-section-height-default elementor-section-height-default\" data-id=\"adb4420\" data-element_type=\"section\">\n\t\t\t\t\t\t<div class=\"elementor-container elementor-column-gap-default\">\n\t\t\t\t\t\t\t<div class=\"elementor-row\">\n\t\t\t\t\t<div class=\"elementor-column elementor-col-50 elementor-inner-column elementor-element elementor-element-45b77d7\" data-id=\"45b77d7\" data-element_type=\"column\">\n\t\t\t<div class=\"elementor-column-wrap elementor-element-populated\">\n\t\t\t\t\t\t\t<div class=\"elementor-widget-wrap\">\n\t\t\t\t\t\t<div class=\"elementor-element elementor-element-8293a4d elementor-widget__width-auto elementor-view-default elementor-widget elementor-widget-icon\" data-id=\"8293a4d\" data-element_type=\"widget\" data-widget_type=\"icon.default\">\n\t\t\t\t<div class=\"elementor-widget-container\">\n\t\t\t\t\t<div class=\"elementor-icon-wrapper\">\n\t\t\t<div class=\"elementor-icon\">\n\t\t\t<svg xmlns=\"http:\/\/www.w3.org\/2000\/svg\" id=\"Bold\" viewBox=\"0 0 24 24\" width=\"512\" height=\"512\"><path d=\"M1.5,6h21a1.5,1.5,0,0,0,0-3H1.5a1.5,1.5,0,0,0,0,3Z\"><\/path><path d=\"M1.5,11h13a1.5,1.5,0,0,0,0-3H1.5a1.5,1.5,0,0,0,0,3Z\"><\/path><path d=\"M14.5,18H1.5a1.5,1.5,0,0,0,0,3h13a1.5,1.5,0,0,0,0-3Z\"><\/path><path d=\"M22.5,13H1.5a1.5,1.5,0,0,0,0,3h21a1.5,1.5,0,0,0,0-3Z\"><\/path><\/svg>\t\t\t<\/div>\n\t\t<\/div>\n\t\t\t\t<\/div>\n\t\t\t\t<\/div>\n\t\t\t\t<div class=\"elementor-element elementor-element-a6345cc elementor-widget__width-auto elementor-widget elementor-widget-heading\" data-id=\"a6345cc\" data-element_type=\"widget\" data-widget_type=\"heading.default\">\n\t\t\t\t<div class=\"elementor-widget-container\">\n\t\t\t<h2 class=\"elementor-heading-title elementor-size-default\">Definisci<\/h2>\t\t<\/div>\n\t\t\t\t<\/div>\n\t\t\t\t<div class=\"elementor-element elementor-element-1d9854c elementor-widget elementor-widget-text-editor\" data-id=\"1d9854c\" data-element_type=\"widget\" data-widget_type=\"text-editor.default\">\n\t\t\t\t<div class=\"elementor-widget-container\">\n\t\t\t\t\t\t\t\t<div class=\"elementor-text-editor elementor-clearfix\">\n\t\t\t\t<p><span style=\"font-weight: 400;\">Il benessere digitale (noto anche come benessere digitale o salute digitale) \u00e8 la ricerca di un rapporto intenzionale e salutare con la tecnologia, sia sul posto di lavoro che nella vita personale.<\/span><\/p><p><span style=\"font-weight: 400;\">Benessere digitale: l&#8217;impatto delle tecnologie e dei servizi digitali sulla salute mentale, fisica ed emotiva delle persone.<\/span><\/p>\t\t\t\t\t<\/div>\n\t\t\t\t\t\t<\/div>\n\t\t\t\t<\/div>\n\t\t\t\t\t\t<\/div>\n\t\t\t\t\t<\/div>\n\t\t<\/div>\n\t\t\t\t<div class=\"elementor-column elementor-col-50 elementor-inner-column elementor-element elementor-element-2e3e855\" data-id=\"2e3e855\" data-element_type=\"column\">\n\t\t\t<div class=\"elementor-column-wrap elementor-element-populated\">\n\t\t\t\t\t\t\t<div class=\"elementor-widget-wrap\">\n\t\t\t\t\t\t<div class=\"elementor-element elementor-element-a265e99 elementor-widget elementor-widget-theme-post-featured-image elementor-widget-image\" data-id=\"a265e99\" data-element_type=\"widget\" data-widget_type=\"theme-post-featured-image.default\">\n\t\t\t\t<div class=\"elementor-widget-container\">\n\t\t\t\t\t\t\t\t<div class=\"elementor-image\">\n\t\t\t\t\t\t\t\t\t\t\t\t<img loading=\"lazy\" decoding=\"async\" width=\"800\" height=\"800\" src=\"https:\/\/projectvoice.eu\/wp-content\/uploads\/2022\/05\/Digital-wellbeing.svg\" class=\"attachment-large size-large\" alt=\"\" \/>\t\t\t\t\t\t\t\t\t\t\t\t\t\t<\/div>\n\t\t\t\t\t\t<\/div>\n\t\t\t\t<\/div>\n\t\t\t\t\t\t<\/div>\n\t\t\t\t\t<\/div>\n\t\t<\/div>\n\t\t\t\t\t\t\t\t<\/div>\n\t\t\t\t\t<\/div>\n\t\t<\/section>\n\t\t\t\t\t\t<\/div>\n\t\t\t\t\t<\/div>\n\t\t<\/div>\n\t\t\t\t\t\t\t\t<\/div>\n\t\t\t\t\t<\/div>\n\t\t<\/section>\n\t\t\t\t<section class=\"elementor-section elementor-top-section elementor-element elementor-element-7aae2d1 elementor-section-boxed elementor-section-height-default elementor-section-height-default\" data-id=\"7aae2d1\" data-element_type=\"section\" data-settings=\"{&quot;background_background&quot;:&quot;classic&quot;}\">\n\t\t\t\t\t\t<div class=\"elementor-container elementor-column-gap-default\">\n\t\t\t\t\t\t\t<div class=\"elementor-row\">\n\t\t\t\t\t<div class=\"elementor-column elementor-col-100 elementor-top-column elementor-element elementor-element-ed689ad\" data-id=\"ed689ad\" data-element_type=\"column\">\n\t\t\t<div class=\"elementor-column-wrap elementor-element-populated\">\n\t\t\t\t\t\t\t<div class=\"elementor-widget-wrap\">\n\t\t\t\t\t\t<div class=\"elementor-element elementor-element-41b1aba elementor-widget__width-auto elementor-view-default elementor-widget elementor-widget-icon\" data-id=\"41b1aba\" data-element_type=\"widget\" data-widget_type=\"icon.default\">\n\t\t\t\t<div class=\"elementor-widget-container\">\n\t\t\t\t\t<div class=\"elementor-icon-wrapper\">\n\t\t\t<div class=\"elementor-icon\">\n\t\t\t<svg xmlns=\"http:\/\/www.w3.org\/2000\/svg\" xmlns:xlink=\"http:\/\/www.w3.org\/1999\/xlink\" id=\"Bold\" x=\"0px\" y=\"0px\" viewBox=\"0 0 512 512\" style=\"enable-background:new 0 0 512 512;\" xml:space=\"preserve\" width=\"512\" height=\"512\"><path d=\"M288,192h-32v-32c0-17.673-14.327-32-32-32s-32,14.327-32,32v32h-32c-17.673,0-32,14.327-32,32s14.327,32,32,32h32v32  c0,17.673,14.327,32,32,32s32-14.327,32-32v-32h32c17.673,0,32-14.327,32-32S305.673,192,288,192z\"><\/path><path d=\"M502.661,457.569l-99.046-99.067c74.18-99.06,54.01-239.499-45.05-313.678S119.067-9.187,44.887,89.873  s-54.01,239.499,45.05,313.678c79.587,59.597,188.929,59.623,268.544,0.063l99.088,99.088c12.452,12.452,32.64,12.452,45.092,0  c12.452-12.452,12.452-32.64,0-45.092L502.661,457.569z M225.116,384.49c-88.02,0-159.374-71.354-159.374-159.374  S137.097,65.742,225.116,65.742s159.374,71.354,159.374,159.374C384.397,313.097,313.098,384.397,225.116,384.49z\"><\/path><\/svg>\t\t\t<\/div>\n\t\t<\/div>\n\t\t\t\t<\/div>\n\t\t\t\t<\/div>\n\t\t\t\t<div class=\"elementor-element elementor-element-e1225e9 elementor-widget__width-auto elementor-widget elementor-widget-heading\" data-id=\"e1225e9\" data-element_type=\"widget\" data-widget_type=\"heading.default\">\n\t\t\t\t<div class=\"elementor-widget-container\">\n\t\t\t<h2 class=\"elementor-heading-title elementor-size-default\">Identifica<\/h2>\t\t<\/div>\n\t\t\t\t<\/div>\n\t\t\t\t<section class=\"elementor-section elementor-inner-section elementor-element elementor-element-2b1b111 elementor-section-boxed elementor-section-height-default elementor-section-height-default\" data-id=\"2b1b111\" data-element_type=\"section\">\n\t\t\t\t\t\t<div class=\"elementor-container elementor-column-gap-default\">\n\t\t\t\t\t\t\t<div class=\"elementor-row\">\n\t\t\t\t\t<div class=\"elementor-column elementor-col-100 elementor-inner-column elementor-element elementor-element-26c97ae\" data-id=\"26c97ae\" data-element_type=\"column\">\n\t\t\t<div class=\"elementor-column-wrap elementor-element-populated\">\n\t\t\t\t\t\t\t<div class=\"elementor-widget-wrap\">\n\t\t\t\t\t\t<div class=\"elementor-element elementor-element-c14c0df elementor-widget elementor-widget-text-editor\" data-id=\"c14c0df\" data-element_type=\"widget\" data-widget_type=\"text-editor.default\">\n\t\t\t\t<div class=\"elementor-widget-container\">\n\t\t\t\t\t\t\t\t<div class=\"elementor-text-editor elementor-clearfix\">\n\t\t\t\t<p><span style=\"font-weight: 400;\">Il benessere digitale \u00e8 un concetto complesso che pu\u00f2 essere visto da una variet\u00e0 di prospettive e in diversi contesti e situazioni:<\/span><\/p>\t\t\t\t\t<\/div>\n\t\t\t\t\t\t<\/div>\n\t\t\t\t<\/div>\n\t\t\t\t<div class=\"elementor-element elementor-element-7ebbc73 elementor-widget elementor-widget-shortcode\" data-id=\"7ebbc73\" data-element_type=\"widget\" data-widget_type=\"shortcode.default\">\n\t\t\t\t<div class=\"elementor-widget-container\">\n\t\t\t\t\t<div class=\"elementor-shortcode\">\n<table id=\"tablepress-10\" class=\"tablepress tablepress-id-10\">\n<tbody class=\"row-hover\">\n<tr class=\"row-1 odd\">\n\t<td class=\"column-1\"><b>Prospettiva individuale:<\/b> contesti personali, di apprendimento e di lavoro: ci\u00f2 implica identificare e comprendere i benefici positivi e tutti i potenziali aspetti negativi del coinvolgimento con attivit\u00e0 digitali ed essere consapevoli dei modi per gestirle e controllarle per migliorare il benessere.<\/td>\n<\/tr>\n<tr class=\"row-2 even\">\n\t<td class=\"column-1\"><b>Prospettiva sociale o organizzativa: <\/b>i fornitori di sistemi, servizi e contenuti digitali hanno la responsabilit\u00e0 di garantire che questi siano ben gestiti, supportati, accessibili ed equi. Devono anche potenziare e creare capacit\u00e0 negli utenti in modo che tutti coloro che interagiscono con loro siano attrezzati per farlo in un modo che supporti e\/o migliori il loro benessere.<br \/>\n<\/td>\n<\/tr>\n<\/tbody>\n<\/table>\n<!-- #tablepress-10 from cache --><\/div>\n\t\t\t\t<\/div>\n\t\t\t\t<\/div>\n\t\t\t\t\t\t<\/div>\n\t\t\t\t\t<\/div>\n\t\t<\/div>\n\t\t\t\t\t\t\t\t<\/div>\n\t\t\t\t\t<\/div>\n\t\t<\/section>\n\t\t\t\t\t\t<\/div>\n\t\t\t\t\t<\/div>\n\t\t<\/div>\n\t\t\t\t\t\t\t\t<\/div>\n\t\t\t\t\t<\/div>\n\t\t<\/section>\n\t\t\t\t<section class=\"elementor-section elementor-top-section elementor-element elementor-element-44b1bc6 elementor-section-boxed elementor-section-height-default elementor-section-height-default\" data-id=\"44b1bc6\" data-element_type=\"section\">\n\t\t\t\t\t\t<div class=\"elementor-container elementor-column-gap-default\">\n\t\t\t\t\t\t\t<div class=\"elementor-row\">\n\t\t\t\t\t<div class=\"elementor-column elementor-col-100 elementor-top-column elementor-element elementor-element-afcec61\" data-id=\"afcec61\" data-element_type=\"column\">\n\t\t\t<div class=\"elementor-column-wrap elementor-element-populated\">\n\t\t\t\t\t\t\t<div class=\"elementor-widget-wrap\">\n\t\t\t\t\t\t<div class=\"elementor-element elementor-element-c622c85 elementor-widget__width-auto elementor-view-default elementor-widget elementor-widget-icon\" data-id=\"c622c85\" data-element_type=\"widget\" data-widget_type=\"icon.default\">\n\t\t\t\t<div class=\"elementor-widget-container\">\n\t\t\t\t\t<div class=\"elementor-icon-wrapper\">\n\t\t\t<div class=\"elementor-icon\">\n\t\t\t<svg xmlns=\"http:\/\/www.w3.org\/2000\/svg\" id=\"Layer_1\" data-name=\"Layer 1\" viewBox=\"0 0 24 24\" width=\"512\" height=\"512\"><path d=\"M4.5,7A3.477,3.477,0,0,1,2.025,5.975L.5,4.62a1.5,1.5,0,0,1,2-2.24L4.084,3.794A.584.584,0,0,0,4.5,4a.5.5,0,0,0,.353-.146L8.466.414a1.5,1.5,0,0,1,2.068,2.172L6.948,6A3.449,3.449,0,0,1,4.5,7ZM24,3.5A1.5,1.5,0,0,0,22.5,2h-8a1.5,1.5,0,0,0,0,3h8A1.5,1.5,0,0,0,24,3.5ZM6.948,14l3.586-3.414A1.5,1.5,0,0,0,8.466,8.414l-3.613,3.44a.5.5,0,0,1-.707,0L2.561,10.268A1.5,1.5,0,0,0,.439,12.39l1.586,1.585A3.5,3.5,0,0,0,6.948,14ZM24,11.5A1.5,1.5,0,0,0,22.5,10h-8a1.5,1.5,0,0,0,0,3h8A1.5,1.5,0,0,0,24,11.5ZM6.948,22l3.586-3.414a1.5,1.5,0,0,0-2.068-2.172l-3.613,3.44A.5.5,0,0,1,4.5,20a.584.584,0,0,1-.416-.206L2.5,18.38a1.5,1.5,0,0,0-2,2.24l1.523,1.355A3.5,3.5,0,0,0,6.948,22ZM24,19.5A1.5,1.5,0,0,0,22.5,18h-8a1.5,1.5,0,0,0,0,3h8A1.5,1.5,0,0,0,24,19.5Z\"><\/path><\/svg>\t\t\t<\/div>\n\t\t<\/div>\n\t\t\t\t<\/div>\n\t\t\t\t<\/div>\n\t\t\t\t<div class=\"elementor-element elementor-element-4ac7ea4 elementor-widget__width-auto elementor-widget elementor-widget-heading\" data-id=\"4ac7ea4\" data-element_type=\"widget\" data-widget_type=\"heading.default\">\n\t\t\t\t<div class=\"elementor-widget-container\">\n\t\t\t<h2 class=\"elementor-heading-title elementor-size-default\">Agisci<\/h2>\t\t<\/div>\n\t\t\t\t<\/div>\n\t\t\t\t<section class=\"elementor-section elementor-inner-section elementor-element elementor-element-3033517 elementor-section-content-middle elementor-section-boxed elementor-section-height-default elementor-section-height-default\" data-id=\"3033517\" data-element_type=\"section\">\n\t\t\t\t\t\t<div class=\"elementor-container elementor-column-gap-default\">\n\t\t\t\t\t\t\t<div class=\"elementor-row\">\n\t\t\t\t\t<div class=\"elementor-column elementor-col-50 elementor-inner-column elementor-element elementor-element-9c851bc\" data-id=\"9c851bc\" data-element_type=\"column\">\n\t\t\t<div class=\"elementor-column-wrap elementor-element-populated\">\n\t\t\t\t\t\t\t<div class=\"elementor-widget-wrap\">\n\t\t\t\t\t\t<div class=\"elementor-element elementor-element-44857ca dce_masking-none elementor-widget elementor-widget-image\" data-id=\"44857ca\" data-element_type=\"widget\" data-widget_type=\"image.default\">\n\t\t\t\t<div class=\"elementor-widget-container\">\n\t\t\t\t\t\t\t\t<div class=\"elementor-image\">\n\t\t\t\t\t\t\t\t\t\t\t\t<img loading=\"lazy\" decoding=\"async\" width=\"512\" height=\"303\" src=\"https:\/\/projectvoice.eu\/wp-content\/uploads\/2022\/05\/digital-wellbeing-piramide.png\" class=\"attachment-full size-full\" alt=\"\" srcset=\"https:\/\/projectvoice.eu\/wp-content\/uploads\/2022\/05\/digital-wellbeing-piramide.png 512w, https:\/\/projectvoice.eu\/wp-content\/uploads\/2022\/05\/digital-wellbeing-piramide-300x178.png 300w\" sizes=\"auto, (max-width: 512px) 100vw, 512px\" \/>\t\t\t\t\t\t\t\t\t\t\t\t\t\t<\/div>\n\t\t\t\t\t\t<\/div>\n\t\t\t\t<\/div>\n\t\t\t\t\t\t<\/div>\n\t\t\t\t\t<\/div>\n\t\t<\/div>\n\t\t\t\t<div class=\"elementor-column elementor-col-50 elementor-inner-column elementor-element elementor-element-50aafda\" data-id=\"50aafda\" data-element_type=\"column\">\n\t\t\t<div class=\"elementor-column-wrap elementor-element-populated\">\n\t\t\t\t\t\t\t<div class=\"elementor-widget-wrap\">\n\t\t\t\t\t\t<div class=\"elementor-element elementor-element-246a6fd dce_masking-none elementor-aspect-ratio-169 elementor-widget elementor-widget-video\" data-id=\"246a6fd\" data-element_type=\"widget\" data-settings=\"{&quot;youtube_url&quot;:&quot;https:\\\/\\\/youtu.be\\\/6gQ7UUA7lWE&quot;,&quot;video_type&quot;:&quot;youtube&quot;,&quot;controls&quot;:&quot;yes&quot;,&quot;aspect_ratio&quot;:&quot;169&quot;}\" data-widget_type=\"video.default\">\n\t\t\t\t<div class=\"elementor-widget-container\">\n\t\t\t\t\t<div class=\"elementor-wrapper elementor-fit-aspect-ratio elementor-open-inline\">\n\t\t\t<div class=\"elementor-video\"><\/div>\t\t<\/div>\n\t\t\t\t<\/div>\n\t\t\t\t<\/div>\n\t\t\t\t\t\t<\/div>\n\t\t\t\t\t<\/div>\n\t\t<\/div>\n\t\t\t\t\t\t\t\t<\/div>\n\t\t\t\t\t<\/div>\n\t\t<\/section>\n\t\t\t\t\t\t<\/div>\n\t\t\t\t\t<\/div>\n\t\t<\/div>\n\t\t\t\t\t\t\t\t<\/div>\n\t\t\t\t\t<\/div>\n\t\t<\/section>\n\t\t\t\t\t\t\t\t\t<\/div>\n\t\t\t<\/div>\n\t\t\t\t\t<\/div>\n\t\t","protected":false},"excerpt":{"rendered":"<p>Definisci Il benessere digitale (noto anche come benessere digitale o salute digitale) \u00e8 la ricerca di un rapporto intenzionale e salutare con la tecnologia, sia sul posto di lavoro che nella vita personale. Benessere digitale: l&#8217;impatto delle tecnologie e dei servizi digitali sulla salute mentale, fisica ed emotiva delle persone. Identifica Il benessere digitale \u00e8 [&hellip;]<\/p>\n","protected":false},"author":1,"featured_media":1125,"parent":1375,"menu_order":10,"comment_status":"closed","ping_status":"closed","template":"","meta":{"inline_featured_image":false,"footnotes":""},"categories":[32],"tags":[],"class_list":["post-1420","page","type-page","status-publish","has-post-thumbnail","hentry","category-temi"],"acf":[],"_links":{"self":[{"href":"https:\/\/projectvoice.eu\/it\/wp-json\/wp\/v2\/pages\/1420","targetHints":{"allow":["GET"]}}],"collection":[{"href":"https:\/\/projectvoice.eu\/it\/wp-json\/wp\/v2\/pages"}],"about":[{"href":"https:\/\/projectvoice.eu\/it\/wp-json\/wp\/v2\/types\/page"}],"author":[{"embeddable":true,"href":"https:\/\/projectvoice.eu\/it\/wp-json\/wp\/v2\/users\/1"}],"replies":[{"embeddable":true,"href":"https:\/\/projectvoice.eu\/it\/wp-json\/wp\/v2\/comments?post=1420"}],"version-history":[{"count":6,"href":"https:\/\/projectvoice.eu\/it\/wp-json\/wp\/v2\/pages\/1420\/revisions"}],"predecessor-version":[{"id":1698,"href":"https:\/\/projectvoice.eu\/it\/wp-json\/wp\/v2\/pages\/1420\/revisions\/1698"}],"up":[{"embeddable":true,"href":"https:\/\/projectvoice.eu\/it\/wp-json\/wp\/v2\/pages\/1375"}],"wp:featuredmedia":[{"embeddable":true,"href":"https:\/\/projectvoice.eu\/it\/wp-json\/wp\/v2\/media\/1125"}],"wp:attachment":[{"href":"https:\/\/projectvoice.eu\/it\/wp-json\/wp\/v2\/media?parent=1420"}],"wp:term":[{"taxonomy":"category","embeddable":true,"href":"https:\/\/projectvoice.eu\/it\/wp-json\/wp\/v2\/categories?post=1420"},{"taxonomy":"post_tag","embeddable":true,"href":"https:\/\/projectvoice.eu\/it\/wp-json\/wp\/v2\/tags?post=1420"}],"curies":[{"name":"wp","href":"https:\/\/api.w.org\/{rel}","templated":true}]}}